{"id":13,"date":"2023-04-04T19:52:23","date_gmt":"2023-04-04T17:52:23","guid":{"rendered":"http:\/\/home.linguacentrum.pl\/?page_id=13"},"modified":"2023-05-03T18:44:20","modified_gmt":"2023-05-03T16:44:20","slug":"o-nas","status":"publish","type":"page","link":"https:\/\/home.linguacentrum.pl\/","title":{"rendered":"LINGUA"},"content":{"rendered":"\t\t<div data-elementor-type=\"wp-page\" data-elementor-id=\"13\" class=\"elementor elementor-13\">\n\t\t\t\t\t\t<section class=\"elementor-section elementor-top-section elementor-element elementor-element-b67aad5 elementor-section-height-min-height elementor-section-stretched elementor-section-boxed elementor-section-height-default elementor-section-items-middle\" data-id=\"b67aad5\" data-element_type=\"section\" data-settings=\"{&quot;stretch_section&quot;:&quot;section-stretched&quot;,&quot;background_background&quot;:&quot;classic&quot;}\">\n\t\t\t\t\t\t<div class=\"elementor-container elementor-column-gap-default\">\n\t\t\t\t\t<div class=\"elementor-column elementor-col-100 elementor-top-column elementor-element elementor-element-98f3b5a\" data-id=\"98f3b5a\" data-element_type=\"column\">\n\t\t\t<div class=\"elementor-widget-wrap elementor-element-populated\">\n\t\t\t\t\t\t<div class=\"elementor-element elementor-element-d2b0fe4 elementor-widget elementor-widget-text-editor\" data-id=\"d2b0fe4\" data-element_type=\"widget\" data-widget_type=\"text-editor.default\">\n\t\t\t\t<div class=\"elementor-widget-container\">\n\t\t\t\t\t\t\t<p><strong>A TAK TO SI\u0118 ZACZ\u0118\u0141O\u2026<\/strong><\/p><p>By\u0142 rok 2005 kiedy to po raz pierwszy uruchomiono kana\u0142 YouTube, sonda Cassini-Huygens wyl\u0105dowa\u0142a na najwi\u0119kszym ksi\u0119\u017cycu Saturna \u2013 Tytanie, na stacji polarnej Esperanza zmierzono najwy\u017csz\u0105 temperatur\u0119 na Antarktydzie (17,5 \u00b0C), a na ma\u0142ym sosnowieckim osiedlu zadebiutowa\u0142a szko\u0142a j\u0119zyka angielskiego Lingua. Nowatorska pod wzgl\u0119dem nauczania, odrzucaj\u0105ca ramy i ograniczenia tradycyjnych szk\u00f3\u0142 i nastawiona na wsp\u00f3\u0142prac\u0119 tylko z osobami doros\u0142ymi. Autorski program szkolenia oparty na konwersacji, inspiruj\u0105ce rozmowy, ciekawi ludzie, mo\u017cliwo\u015bci poznawania \u015bwiata ma\u0142ego i du\u017cego biznesu zamieni\u0142y prac\u0119 w pasj\u0119.<\/p>\t\t\t\t\t\t<\/div>\n\t\t\t\t<\/div>\n\t\t\t\t\t<\/div>\n\t\t<\/div>\n\t\t\t\t\t<\/div>\n\t\t<\/section>\n\t\t\t\t<\/div>\n\t\t","protected":false},"excerpt":{"rendered":"<p>A TAK TO SI\u0118 ZACZ\u0118\u0141O\u2026 By\u0142 rok 2005 kiedy to po raz pierwszy uruchomiono kana\u0142 YouTube, sonda Cassini-Huygens wyl\u0105dowa\u0142a na najwi\u0119kszym ksi\u0119\u017cycu Saturna \u2013 Tytanie, na stacji polarnej Esperanza zmierzono najwy\u017csz\u0105 temperatur\u0119 na Antarktydzie (17,5 \u00b0C), a na ma\u0142ym sosnowieckim osiedlu zadebiutowa\u0142a szko\u0142a j\u0119zyka angielskiego Lingua. Nowatorska pod wzgl\u0119dem nauczania, odrzucaj\u0105ca ramy i ograniczenia tradycyjnych [&hellip;]<\/p>\n","protected":false},"author":1,"featured_media":0,"parent":0,"menu_order":0,"comment_status":"closed","ping_status":"closed","template":"","meta":{"ocean_post_layout":"full-screen","ocean_both_sidebars_style":"","ocean_both_sidebars_content_width":0,"ocean_both_sidebars_sidebars_width":0,"ocean_sidebar":"0","ocean_second_sidebar":"0","ocean_disable_margins":"enable","ocean_add_body_class":"","ocean_shortcode_before_top_bar":"","ocean_shortcode_after_top_bar":"","ocean_shortcode_before_header":"","ocean_shortcode_after_header":"","ocean_has_shortcode":"","ocean_shortcode_after_title":"","ocean_shortcode_before_footer_widgets":"","ocean_shortcode_after_footer_widgets":"","ocean_shortcode_before_footer_bottom":"","ocean_shortcode_after_footer_bottom":"","ocean_display_top_bar":"off","ocean_display_header":"default","ocean_header_style":"","ocean_center_header_left_menu":"0","ocean_custom_header_template":"0","ocean_custom_logo":0,"ocean_custom_retina_logo":0,"ocean_custom_logo_max_width":0,"ocean_custom_logo_tablet_max_width":0,"ocean_custom_logo_mobile_max_width":0,"ocean_custom_logo_max_height":0,"ocean_custom_logo_tablet_max_height":0,"ocean_custom_logo_mobile_max_height":0,"ocean_header_custom_menu":"0","ocean_menu_typo_font_family":"0","ocean_menu_typo_font_subset":"","ocean_menu_typo_font_size":0,"ocean_menu_typo_font_size_tablet":0,"ocean_menu_typo_font_size_mobile":0,"ocean_menu_typo_font_size_unit":"px","ocean_menu_typo_font_weight":"","ocean_menu_typo_font_weight_tablet":"","ocean_menu_typo_font_weight_mobile":"","ocean_menu_typo_transform":"","ocean_menu_typo_transform_tablet":"","ocean_menu_typo_transform_mobile":"","ocean_menu_typo_line_height":0,"ocean_menu_typo_line_height_tablet":0,"ocean_menu_typo_line_height_mobile":0,"ocean_menu_typo_line_height_unit":"","ocean_menu_typo_spacing":0,"ocean_menu_typo_spacing_tablet":0,"ocean_menu_typo_spacing_mobile":0,"ocean_menu_typo_spacing_unit":"","ocean_menu_link_color":"","ocean_menu_link_color_hover":"","ocean_menu_link_color_active":"","ocean_menu_link_background":"","ocean_menu_link_hover_background":"","ocean_menu_link_active_background":"","ocean_menu_social_links_bg":"","ocean_menu_social_hover_links_bg":"","ocean_menu_social_links_color":"","ocean_menu_social_hover_links_color":"","ocean_disable_title":"on","ocean_disable_heading":"default","ocean_post_title":"","ocean_post_subheading":"","ocean_post_title_style":"","ocean_post_title_background_color":"","ocean_post_title_background":0,"ocean_post_title_bg_image_position":"","ocean_post_title_bg_image_attachment":"","ocean_post_title_bg_image_repeat":"","ocean_post_title_bg_image_size":"","ocean_post_title_height":0,"ocean_post_title_bg_overlay":0.5,"ocean_post_title_bg_overlay_color":"","ocean_disable_breadcrumbs":"default","ocean_breadcrumbs_color":"","ocean_breadcrumbs_separator_color":"","ocean_breadcrumbs_links_color":"","ocean_breadcrumbs_links_hover_color":"","ocean_display_footer_widgets":"off","ocean_display_footer_bottom":"off","ocean_custom_footer_template":"0","footnotes":""},"class_list":["post-13","page","type-page","status-publish","hentry","entry"],"yoast_head":"<!-- This site is optimized with the Yoast SEO plugin v23.5 - https:\/\/yoast.com\/wordpress\/plugins\/seo\/ -->\n<title>LINGUA - LINGUA HOMEPAGE<\/title>\n<meta name=\"robots\" content=\"index, follow, max-snippet:-1, max-image-preview:large, max-video-preview:-1\" \/>\n<link rel=\"canonical\" href=\"https:\/\/home.linguacentrum.pl\/\" \/>\n<meta property=\"og:locale\" content=\"pl_PL\" \/>\n<meta property=\"og:type\" content=\"article\" \/>\n<meta property=\"og:title\" content=\"LINGUA - LINGUA HOMEPAGE\" \/>\n<meta property=\"og:description\" content=\"A TAK TO SI\u0118 ZACZ\u0118\u0141O\u2026 By\u0142 rok 2005 kiedy to po raz pierwszy uruchomiono kana\u0142 YouTube, sonda Cassini-Huygens wyl\u0105dowa\u0142a na najwi\u0119kszym ksi\u0119\u017cycu Saturna \u2013 Tytanie, na stacji polarnej Esperanza zmierzono najwy\u017csz\u0105 temperatur\u0119 na Antarktydzie (17,5 \u00b0C), a na ma\u0142ym sosnowieckim osiedlu zadebiutowa\u0142a szko\u0142a j\u0119zyka angielskiego Lingua. Nowatorska pod wzgl\u0119dem nauczania, odrzucaj\u0105ca ramy i ograniczenia tradycyjnych [&hellip;]\" \/>\n<meta property=\"og:url\" content=\"https:\/\/home.linguacentrum.pl\/\" \/>\n<meta property=\"og:site_name\" content=\"LINGUA HOMEPAGE\" \/>\n<meta property=\"article:modified_time\" content=\"2023-05-03T16:44:20+00:00\" \/>\n<meta name=\"twitter:card\" content=\"summary_large_image\" \/>\n<meta name=\"twitter:label1\" content=\"Szacowany czas czytania\" \/>\n\t<meta name=\"twitter:data1\" content=\"1 minuta\" \/>\n<script type=\"application\/ld+json\" class=\"yoast-schema-graph\">{\"@context\":\"https:\/\/schema.org\",\"@graph\":[{\"@type\":\"WebPage\",\"@id\":\"https:\/\/home.linguacentrum.pl\/\",\"url\":\"https:\/\/home.linguacentrum.pl\/\",\"name\":\"LINGUA - LINGUA HOMEPAGE\",\"isPartOf\":{\"@id\":\"https:\/\/home.linguacentrum.pl\/#website\"},\"datePublished\":\"2023-04-04T17:52:23+00:00\",\"dateModified\":\"2023-05-03T16:44:20+00:00\",\"breadcrumb\":{\"@id\":\"https:\/\/home.linguacentrum.pl\/#breadcrumb\"},\"inLanguage\":\"pl-PL\",\"potentialAction\":[{\"@type\":\"ReadAction\",\"target\":[\"https:\/\/home.linguacentrum.pl\/\"]}]},{\"@type\":\"BreadcrumbList\",\"@id\":\"https:\/\/home.linguacentrum.pl\/#breadcrumb\",\"itemListElement\":[{\"@type\":\"ListItem\",\"position\":1,\"name\":\"Strona g\u0142\u00f3wna\",\"item\":\"https:\/\/home.linguacentrum.pl\/\"},{\"@type\":\"ListItem\",\"position\":2,\"name\":\"LINGUA\"}]},{\"@type\":\"WebSite\",\"@id\":\"https:\/\/home.linguacentrum.pl\/#website\",\"url\":\"https:\/\/home.linguacentrum.pl\/\",\"name\":\"LINGUA HOMEPAGE\",\"description\":\"LINGUA CENTRUM - strona domowa\",\"potentialAction\":[{\"@type\":\"SearchAction\",\"target\":{\"@type\":\"EntryPoint\",\"urlTemplate\":\"https:\/\/home.linguacentrum.pl\/?s={search_term_string}\"},\"query-input\":{\"@type\":\"PropertyValueSpecification\",\"valueRequired\":true,\"valueName\":\"search_term_string\"}}],\"inLanguage\":\"pl-PL\"}]}<\/script>\n<!-- \/ Yoast SEO plugin. -->","yoast_head_json":{"title":"LINGUA - LINGUA HOMEPAGE","robots":{"index":"index","follow":"follow","max-snippet":"max-snippet:-1","max-image-preview":"max-image-preview:large","max-video-preview":"max-video-preview:-1"},"canonical":"https:\/\/home.linguacentrum.pl\/","og_locale":"pl_PL","og_type":"article","og_title":"LINGUA - LINGUA HOMEPAGE","og_description":"A TAK TO SI\u0118 ZACZ\u0118\u0141O\u2026 By\u0142 rok 2005 kiedy to po raz pierwszy uruchomiono kana\u0142 YouTube, sonda Cassini-Huygens wyl\u0105dowa\u0142a na najwi\u0119kszym ksi\u0119\u017cycu Saturna \u2013 Tytanie, na stacji polarnej Esperanza zmierzono najwy\u017csz\u0105 temperatur\u0119 na Antarktydzie (17,5 \u00b0C), a na ma\u0142ym sosnowieckim osiedlu zadebiutowa\u0142a szko\u0142a j\u0119zyka angielskiego Lingua. Nowatorska pod wzgl\u0119dem nauczania, odrzucaj\u0105ca ramy i ograniczenia tradycyjnych [&hellip;]","og_url":"https:\/\/home.linguacentrum.pl\/","og_site_name":"LINGUA HOMEPAGE","article_modified_time":"2023-05-03T16:44:20+00:00","twitter_card":"summary_large_image","twitter_misc":{"Szacowany czas czytania":"1 minuta"},"schema":{"@context":"https:\/\/schema.org","@graph":[{"@type":"WebPage","@id":"https:\/\/home.linguacentrum.pl\/","url":"https:\/\/home.linguacentrum.pl\/","name":"LINGUA - LINGUA HOMEPAGE","isPartOf":{"@id":"https:\/\/home.linguacentrum.pl\/#website"},"datePublished":"2023-04-04T17:52:23+00:00","dateModified":"2023-05-03T16:44:20+00:00","breadcrumb":{"@id":"https:\/\/home.linguacentrum.pl\/#breadcrumb"},"inLanguage":"pl-PL","potentialAction":[{"@type":"ReadAction","target":["https:\/\/home.linguacentrum.pl\/"]}]},{"@type":"BreadcrumbList","@id":"https:\/\/home.linguacentrum.pl\/#breadcrumb","itemListElement":[{"@type":"ListItem","position":1,"name":"Strona g\u0142\u00f3wna","item":"https:\/\/home.linguacentrum.pl\/"},{"@type":"ListItem","position":2,"name":"LINGUA"}]},{"@type":"WebSite","@id":"https:\/\/home.linguacentrum.pl\/#website","url":"https:\/\/home.linguacentrum.pl\/","name":"LINGUA HOMEPAGE","description":"LINGUA CENTRUM - strona domowa","potentialAction":[{"@type":"SearchAction","target":{"@type":"EntryPoint","urlTemplate":"https:\/\/home.linguacentrum.pl\/?s={search_term_string}"},"query-input":{"@type":"PropertyValueSpecification","valueRequired":true,"valueName":"search_term_string"}}],"inLanguage":"pl-PL"}]}},"_links":{"self":[{"href":"https:\/\/home.linguacentrum.pl\/index.php\/wp-json\/wp\/v2\/pages\/13","targetHints":{"allow":["GET"]}}],"collection":[{"href":"https:\/\/home.linguacentrum.pl\/index.php\/wp-json\/wp\/v2\/pages"}],"about":[{"href":"https:\/\/home.linguacentrum.pl\/index.php\/wp-json\/wp\/v2\/types\/page"}],"author":[{"embeddable":true,"href":"https:\/\/home.linguacentrum.pl\/index.php\/wp-json\/wp\/v2\/users\/1"}],"replies":[{"embeddable":true,"href":"https:\/\/home.linguacentrum.pl\/index.php\/wp-json\/wp\/v2\/comments?post=13"}],"version-history":[{"count":37,"href":"https:\/\/home.linguacentrum.pl\/index.php\/wp-json\/wp\/v2\/pages\/13\/revisions"}],"predecessor-version":[{"id":248,"href":"https:\/\/home.linguacentrum.pl\/index.php\/wp-json\/wp\/v2\/pages\/13\/revisions\/248"}],"wp:attachment":[{"href":"https:\/\/home.linguacentrum.pl\/index.php\/wp-json\/wp\/v2\/media?parent=13"}],"curies":[{"name":"wp","href":"https:\/\/api.w.org\/{rel}","templated":true}]}}